{"id":1425,"date":"2024-11-29T08:22:11","date_gmt":"2024-11-29T07:22:11","guid":{"rendered":"https:\/\/gp.creativewebmind.de\/?page_id=1425"},"modified":"2026-01-19T19:29:21","modified_gmt":"2026-01-19T18:29:21","slug":"cart-2","status":"publish","type":"page","link":"https:\/\/gp.creativewebmind.de\/?page_id=1425","title":{"rendered":"Cart"},"content":{"rendered":"\t\t<div data-elementor-type=\"wp-page\" data-elementor-id=\"1425\" class=\"elementor elementor-1425\" data-elementor-post-type=\"page\">\n\t\t\t\t<div class=\"elementor-element elementor-element-79a5a6a8 e-flex e-con-boxed e-con e-child\" data-id=\"79a5a6a8\" data-element_type=\"container\" data-settings=\"{&quot;background_background&quot;:&quot;classic&quot;}\">\n\t\t\t\t\t<div class=\"e-con-inner\">\n\t\t<div class=\"elementor-element elementor-element-504c72aa e-con-full e-flex e-con e-child\" data-id=\"504c72aa\" data-element_type=\"container\">\n\t\t\t\t<div class=\"elementor-element elementor-element-28b11b3d elementor-widget__width-initial elementor-widget elementor-widget-heading\" data-id=\"28b11b3d\" data-element_type=\"widget\" data-widget_type=\"heading.default\">\n\t\t\t\t<div class=\"elementor-widget-container\">\n\t\t\t\t\t<h5 class=\"elementor-heading-title elementor-size-default\">01<\/h5>\t\t\t\t<\/div>\n\t\t\t\t<\/div>\n\t\t\t\t<div class=\"elementor-element elementor-element-1c504358 elementor-widget elementor-widget-heading\" data-id=\"1c504358\" data-element_type=\"widget\" data-widget_type=\"heading.default\">\n\t\t\t\t<div class=\"elementor-widget-container\">\n\t\t\t\t\t<p class=\"elementor-heading-title elementor-size-default\">Warenkorb<\/p>\t\t\t\t<\/div>\n\t\t\t\t<\/div>\n\t\t\t\t<div class=\"elementor-element elementor-element-2d4e86b8 elementor-view-default elementor-widget elementor-widget-icon\" data-id=\"2d4e86b8\" data-element_type=\"widget\" data-widget_type=\"icon.default\">\n\t\t\t\t<div class=\"elementor-widget-container\">\n\t\t\t\t\t\t\t<div class=\"elementor-icon-wrapper\">\n\t\t\t<div class=\"elementor-icon\">\n\t\t\t<svg aria-hidden=\"true\" class=\"e-font-icon-svg e-fas-chevron-right\" viewBox=\"0 0 320 512\" xmlns=\"http:\/\/www.w3.org\/2000\/svg\"><path d=\"M285.476 272.971L91.132 467.314c-9.373 9.373-24.569 9.373-33.941 0l-22.667-22.667c-9.357-9.357-9.375-24.522-.04-33.901L188.505 256 34.484 101.255c-9.335-9.379-9.317-24.544.04-33.901l22.667-22.667c9.373-9.373 24.569-9.373 33.941 0L285.475 239.03c9.373 9.372 9.373 24.568.001 33.941z\"><\/path><\/svg>\t\t\t<\/div>\n\t\t<\/div>\n\t\t\t\t\t\t<\/div>\n\t\t\t\t<\/div>\n\t\t\t\t<div class=\"elementor-element elementor-element-55ae2665 elementor-widget__width-initial elementor-widget elementor-widget-heading\" data-id=\"55ae2665\" data-element_type=\"widget\" data-widget_type=\"heading.default\">\n\t\t\t\t<div class=\"elementor-widget-container\">\n\t\t\t\t\t<h5 class=\"elementor-heading-title elementor-size-default\">02<\/h5>\t\t\t\t<\/div>\n\t\t\t\t<\/div>\n\t\t\t\t<div class=\"elementor-element elementor-element-5b5f92b9 elementor-widget elementor-widget-heading\" data-id=\"5b5f92b9\" data-element_type=\"widget\" data-widget_type=\"heading.default\">\n\t\t\t\t<div class=\"elementor-widget-container\">\n\t\t\t\t\t<p class=\"elementor-heading-title elementor-size-default\">Kasse<\/p>\t\t\t\t<\/div>\n\t\t\t\t<\/div>\n\t\t\t\t<\/div>\n\t\t\t\t<div class=\"elementor-element elementor-element-3ec1478e elementor-widget elementor-widget-heading\" data-id=\"3ec1478e\" data-element_type=\"widget\" data-widget_type=\"heading.default\">\n\t\t\t\t<div class=\"elementor-widget-container\">\n\t\t\t\t\t<h2 class=\"elementor-heading-title elementor-size-default\">Bestell\u00fcbersicht<\/h2>\t\t\t\t<\/div>\n\t\t\t\t<\/div>\n\t\t\t\t<div class=\"elementor-element elementor-element-39fbef55 elementor-widget elementor-widget-text-editor\" data-id=\"39fbef55\" data-element_type=\"widget\" data-widget_type=\"text-editor.default\">\n\t\t\t\t<div class=\"elementor-widget-container\">\n\t\t\t\t\t\t\t\t\t<p>Nur noch 2 Schritte bis zu deinem Ritual&#8230;<\/p>\t\t\t\t\t\t\t\t<\/div>\n\t\t\t\t<\/div>\n\t\t\t\t<div class=\"elementor-element elementor-element-220942ae elementor-widget__width-inherit e-cart-layout-two-column elementor-widget elementor-widget-woocommerce-cart\" data-id=\"220942ae\" data-element_type=\"widget\" data-settings=\"{&quot;update_cart_automatically&quot;:&quot;yes&quot;}\" data-widget_type=\"woocommerce-cart.default\">\n\t\t\t\t<div class=\"elementor-widget-container\">\n\t\t\t\t\t<div class=\"woocommerce\"><div class=\"woocommerce-notices-wrapper\"><\/div><div class=\"wc-empty-cart-message\">\n\t<div class=\"cart-empty woocommerce-info\">\n\t\tDein Warenkorb ist gegenw\u00e4rtig leer.\t<\/div>\n<\/div>\t<p class=\"return-to-shop\">\n\t\t<a class=\"button wc-backward\" href=\"https:\/\/gp.creativewebmind.de\/?page_id=1539\">\n\t\t\tZur\u00fcck zum Shop\t\t<\/a>\n\t<\/p>\n<\/div>\t\t\t\t<\/div>\n\t\t\t\t<\/div>\n\t\t\t\t\t<\/div>\n\t\t\t\t<\/div>\n\t\t\t\t<\/div>\n\t\t","protected":false},"excerpt":{"rendered":"<p>01 Warenkorb 02 Kasse Bestell\u00fcbersicht Nur noch 2 Schritte bis zu deinem Ritual&#8230; Artikel entfernen Vorschaubild Produkt Preis Anzahl Zwischensumme &times; Limitierte Rauhnachtsbox &#8211; Leider Ohne Kakao &#36;66.00 Limitierte Rauhnachtsbox &#8211; Leider Ohne Kakao Menge &#36;198.00 &times; 333g H\u00fcte R\u00e4ucherwerk Amanita muscaria (Fliegenpilz) in wundersch\u00f6ner Box. &#36;30,333.00 333g H\u00fcte R\u00e4ucherwerk Amanita muscaria (Fliegenpilz) in wundersch\u00f6ner [&hellip;]<\/p>\n","protected":false},"author":1,"featured_media":1432,"parent":0,"menu_order":0,"comment_status":"closed","ping_status":"closed","template":"","meta":{"footnotes":""},"class_list":["post-1425","page","type-page","status-publish","has-post-thumbnail","hentry"],"_links":{"self":[{"href":"https:\/\/gp.creativewebmind.de\/index.php?rest_route=\/wp\/v2\/pages\/1425"}],"collection":[{"href":"https:\/\/gp.creativewebmind.de\/index.php?rest_route=\/wp\/v2\/pages"}],"about":[{"href":"https:\/\/gp.creativewebmind.de\/index.php?rest_route=\/wp\/v2\/types\/page"}],"author":[{"embeddable":true,"href":"https:\/\/gp.creativewebmind.de\/index.php?rest_route=\/wp\/v2\/users\/1"}],"replies":[{"embeddable":true,"href":"https:\/\/gp.creativewebmind.de\/index.php?rest_route=%2Fwp%2Fv2%2Fcomments&post=1425"}],"version-history":[{"count":10,"href":"https:\/\/gp.creativewebmind.de\/index.php?rest_route=\/wp\/v2\/pages\/1425\/revisions"}],"predecessor-version":[{"id":1881,"href":"https:\/\/gp.creativewebmind.de\/index.php?rest_route=\/wp\/v2\/pages\/1425\/revisions\/1881"}],"wp:featuredmedia":[{"embeddable":true,"href":"https:\/\/gp.creativewebmind.de\/index.php?rest_route=\/wp\/v2\/media\/1432"}],"wp:attachment":[{"href":"https:\/\/gp.creativewebmind.de\/index.php?rest_route=%2Fwp%2Fv2%2Fmedia&parent=1425"}],"curies":[{"name":"wp","href":"https:\/\/api.w.org\/{rel}","templated":true}]}}