{"id":102,"date":"2024-11-29T05:43:35","date_gmt":"2024-11-29T04:43:35","guid":{"rendered":"https:\/\/gp.creativewebmind.de\/?post_type=product&#038;p=102"},"modified":"2024-11-29T05:44:07","modified_gmt":"2024-11-29T04:44:07","slug":"raeucherwerk-kat%d1%8f-chaganita-limited-blend-in-wunderschoener-box","status":"publish","type":"product","link":"https:\/\/gp.creativewebmind.de\/?product=raeucherwerk-kat%d1%8f-chaganita-limited-blend-in-wunderschoener-box","title":{"rendered":"R\u00e4ucherwerk Kat\u044f Chaganita Limited Blend in wundersch\u00f6ner Box."},"content":{"rendered":"<h2 style=\"text-align: center;\">Entdecke unseren exklusiven Blend aus Chaga und Amanita muscaria aus den tiefen W\u00e4ldern Finnlands und Sibiriens!<\/h2>\n<p style=\"text-align: center;\">Willkommen zu einer Reise durch die Jahrhunderte, wo die Wurzeln unserer Geschichte auf spirituelle Weisheiten treffen. Unser einzigartige Mischung entf\u00fchrt dich in die Tiefe der Mystik und \u00f6ffnet Tore zu spirituellem Erwachen und geistiger Klarheit.<\/p>\n<h2><img fetchpriority=\"high\" decoding=\"async\" class=\"aligncenter wp-image-5924 size-full\" src=\"https:\/\/greenplantern.de\/wp-content\/uploads\/2023\/12\/Leonardo_Diffusion_XL_create_a_picture_of_a_birch_forest_from_2.jpg\" alt=\"\" width=\"1024\" height=\"768\" \/><\/h2>\n<p style=\"text-align: center;\">Unser Chaga und Amanita muscaria wird in den entlegenen W\u00e4ldern Finnlands und Sibiriens liebevoll ausgew\u00e4hlt und unter hohen Qualit\u00e4tsstandards geerntet und verarbeitet.<\/p>\n<p style=\"text-align: center;\"><strong>Schonende Trocknung<\/strong><\/p>\n<p style=\"text-align: center;\"><img decoding=\"async\" class=\"aligncenter wp-image-6075 size-full\" src=\"https:\/\/greenplantern.de\/wp-content\/uploads\/2024\/02\/IMG_20240131_225342_335.jpg\" alt=\"\" width=\"1280\" height=\"960\" \/><\/p>\n<p style=\"text-align: center;\">Jeder Pilz wird mit gr\u00f6\u00dfter Sorgfalt behandelt, um Dir ein Produkt von h\u00f6chster Reinheit und Frische zu garantieren.<\/p>\n<p style=\"text-align: center;\">Unser Amanita muscaria basiert auf einer jahrhundertealten Tradition. Die Verarbeitungstechniken werden von Generation zu Generation weitergegeben, um sicherzustellen, dass Du ein Produkt von zeitloser Qualit\u00e4t erh\u00e4ltst. Tauche ein in die Geschichte und Kultur, die mit jedem Pilz verbunden ist.<\/p>\n<p style=\"text-align: center;\">Die ethische Ernte von Chaga ist ebenso bedeutend. Dieser Heilpilz w\u00e4chst in den Birkenw\u00e4ldern, insbesondere in Regionen wie Lappland. Erfahrene einheimische Sammler nutzen strenge Kriterien, um den Chaga nachhaltig zu ernten. Dies schlie\u00dft die Auswahl von B\u00e4umen im Alter von 30 bis 70 Jahren ein und erm\u00f6glicht, dass die Pilze mindestens 5 Jahre am Baum gewachsen sind, bevor sie geerntet werden.<\/p>\n<p style=\"text-align: center;\">Genie\u00dfe mit unserem exklusiven Chaga und Amanita muscaria ein einzigartiges und authentisches Pilzerlebnis, das die Sch\u00f6nheit der Natur und die Traditionen Finnlands und Sibiriens widerspiegelt.<\/p>\n<h3 style=\"text-align: center;\"><strong>R\u00e4uchererlebnis:<\/strong><\/h3>\n<ul style=\"text-align: center;\">\n<li><strong>Einzigartiges Aroma:<\/strong> Das R\u00e4ucherwerk in dieser Kombination, verstr\u00f6mt ein charakteristisches, erdiges Aroma mit subtilen Nuancen, die an die mystische Atmosph\u00e4re des Waldes erinnern.<\/li>\n<li><strong>Traditionelle Anwendung:<\/strong> Nutze die lange Geschichte des Amanita muscaria in Zeremonien f\u00fcr eine tiefgehende spirituelle Erfahrung.<\/li>\n<\/ul>\n<p style=\"text-align: center;\">Bitte verwende es mit Bedacht und achte darauf, es in einem gut bel\u00fcfteten Raum zu r\u00e4uchern.<\/p>\n<p style=\"text-align: center;\"><strong>Hinweis:<\/strong>\u00a0Dieses Produkt ist nicht f\u00fcr den menschlichen Verzehr bestimmt und sollte au\u00dferhalb der Reichweite von Kindern aufbewahrt werden.<\/p>\n<p><img decoding=\"async\" class=\"size-medium wp-image-5842 aligncenter\" src=\"https:\/\/greenplantern.de\/wp-content\/uploads\/2023\/12\/2023-11-04-01.46.59-5-300x88.jpg\" alt=\"\" width=\"300\" height=\"88\" \/><\/p>\n","protected":false},"excerpt":{"rendered":"<p><strong>\u2705\ud83c\udf3f100% Organic\u00a0<\/strong><\/p>\n<p><strong>\u2705\ud83c\udf44<span class=\"OYPEnA text-decoration-none text-strikethrough-none\">10g Chaga, Inonotus obliquus<\/span><\/strong><\/p>\n<p><strong>\u2705\ud83c\uddeb\ud83c\uddee Finnische Wildernte<\/strong><\/p>\n<p><strong>\u2705\ud83d\udd2cLaborgepr\u00fcft<\/strong><\/p>\n<p><strong>\u2705\ud83c\udf4430g Fliegenpilz, Amanita muscaria<\/strong><\/p>\n<p><strong>\u2705\ud83c\uddf7\ud83c\uddfa Sibirische Wildernte<\/strong><\/p>\n<p><strong>\u2705\ud83d\udd2cQualit\u00e4tskontrolliert<\/strong><\/p>\n","protected":false},"featured_media":150,"comment_status":"open","ping_status":"closed","template":"","meta":[],"product_cat":[39],"product_tag":[],"class_list":{"0":"post-102","1":"product","2":"type-product","3":"status-publish","4":"has-post-thumbnail","6":"product_cat-kat","8":"first","9":"instock","10":"purchasable","11":"product-type-simple"},"_links":{"self":[{"href":"https:\/\/gp.creativewebmind.de\/index.php?rest_route=\/wp\/v2\/product\/102"}],"collection":[{"href":"https:\/\/gp.creativewebmind.de\/index.php?rest_route=\/wp\/v2\/product"}],"about":[{"href":"https:\/\/gp.creativewebmind.de\/index.php?rest_route=\/wp\/v2\/types\/product"}],"replies":[{"embeddable":true,"href":"https:\/\/gp.creativewebmind.de\/index.php?rest_route=%2Fwp%2Fv2%2Fcomments&post=102"}],"version-history":[{"count":0,"href":"https:\/\/gp.creativewebmind.de\/index.php?rest_route=\/wp\/v2\/product\/102\/revisions"}],"wp:featuredmedia":[{"embeddable":true,"href":"https:\/\/gp.creativewebmind.de\/index.php?rest_route=\/wp\/v2\/media\/150"}],"wp:attachment":[{"href":"https:\/\/gp.creativewebmind.de\/index.php?rest_route=%2Fwp%2Fv2%2Fmedia&parent=102"}],"wp:term":[{"taxonomy":"product_cat","embeddable":true,"href":"https:\/\/gp.creativewebmind.de\/index.php?rest_route=%2Fwp%2Fv2%2Fproduct_cat&post=102"},{"taxonomy":"product_tag","embeddable":true,"href":"https:\/\/gp.creativewebmind.de\/index.php?rest_route=%2Fwp%2Fv2%2Fproduct_tag&post=102"}],"curies":[{"name":"wp","href":"https:\/\/api.w.org\/{rel}","templated":true}]}}