{"id":97,"date":"2024-11-29T05:43:35","date_gmt":"2024-11-29T04:43:35","guid":{"rendered":"https:\/\/gp.creativewebmind.de\/?post_type=product&#038;p=97"},"modified":"2024-11-29T05:44:21","modified_gmt":"2024-11-29T04:44:21","slug":"blauer-lotus-nymphaea-caerulea-raeucherwerk","status":"publish","type":"product","link":"https:\/\/gp.creativewebmind.de\/?product=blauer-lotus-nymphaea-caerulea-raeucherwerk","title":{"rendered":"Blauer Lotus (Nymphaea caerulea) R\u00e4ucherwerk"},"content":{"rendered":"<p>[vc_row type=&#8220;in_container&#8220; full_screen_row_position=&#8220;middle&#8220; column_margin=&#8220;default&#8220; column_direction=&#8220;default&#8220; column_direction_tablet=&#8220;default&#8220; column_direction_phone=&#8220;default&#8220; scene_position=&#8220;center&#8220; text_color=&#8220;dark&#8220; text_align=&#8220;left&#8220; row_border_radius=&#8220;none&#8220; row_border_radius_applies=&#8220;bg&#8220; overflow=&#8220;visible&#8220; overlay_strength=&#8220;0.3&#8243; gradient_direction=&#8220;left_to_right&#8220; shape_divider_position=&#8220;bottom&#8220; bg_image_animation=&#8220;none&#8220;][vc_column column_padding=&#8220;no-extra-padding&#8220; column_padding_tablet=&#8220;inherit&#8220; column_padding_phone=&#8220;inherit&#8220; column_padding_position=&#8220;all&#8220; column_element_direction_desktop=&#8220;default&#8220; column_element_spacing=&#8220;default&#8220; desktop_text_alignment=&#8220;default&#8220; tablet_text_alignment=&#8220;default&#8220; phone_text_alignment=&#8220;default&#8220; background_color_opacity=&#8220;1&#8243; background_hover_color_opacity=&#8220;1&#8243; column_backdrop_filter=&#8220;none&#8220; column_shadow=&#8220;none&#8220; column_border_radius=&#8220;none&#8220; column_link_target=&#8220;_self&#8220; column_position=&#8220;default&#8220; gradient_direction=&#8220;left_to_right&#8220; overlay_strength=&#8220;0.3&#8243; width=&#8220;1\/1&#8243; tablet_width_inherit=&#8220;default&#8220; animation_type=&#8220;default&#8220; bg_image_animation=&#8220;none&#8220; border_type=&#8220;simple&#8220; column_border_width=&#8220;none&#8220; column_border_style=&#8220;solid&#8220;][vc_column_text]<\/p>\n<h1>Blauer Lotus<\/h1>\n<h2>Eine Reise zur spiritueller Entfaltung und historischer Weisheit<\/h2>\n<p><img fetchpriority=\"high\" decoding=\"async\" class=\"aligncenter wp-image-7284 size-full\" src=\"https:\/\/greenplantern.de\/wp-content\/uploads\/2024\/02\/Default_erstelle_mir_ein_bild_welches_zeigt_wie_man_in_borneo_2.jpg\" alt=\"\" width=\"1792\" height=\"1008\"><\/p>\n<p>Willkommen zu unserer einzigartigen Sch\u00f6pfung &#8211; unseren blauen Lotus. Sorgsam und liebevoll aus den Gew\u00e4ssern Borneos und Sri Lanka geerntet, repr\u00e4sentiert sie nicht nur eine Pflanze, sondern eine Reise zu spirituellem Erwachen und historischer Weisheit. Lassen Sie uns tiefer eintauchen in die Faszination dieses au\u00dfergew\u00f6hnlichen Schatzes der Natur.<\/p>\n<h2><strong>Geerntet mit Liebe und Achtsamkeit<\/strong><\/h2>\n<p><img decoding=\"async\" class=\"aligncenter wp-image-7292 size-full\" src=\"https:\/\/greenplantern.de\/wp-content\/uploads\/2024\/02\/Default_erstelle_mir_ein_bild_welches_zeigt_wie_man_in_borneo_3-1.jpg\" alt=\"\" width=\"1792\" height=\"1008\"><\/p>\n<p>Unser blauer Lotus wird mit h\u00f6chster Sorgfalt und Liebe geerntet. In den Gew\u00e4ssern, umgeben von unber\u00fchrter Natur, entfaltet die Lotusblume ihre Sch\u00f6nheit und Kraft. Unsere Erntemethoden sind nicht nur nachhaltig, sondern auch gepr\u00e4gt von Respekt f\u00fcr die Natur und ihre Ressourcen.<\/p>\n<h2><strong>Historische Anwendungen<\/strong><\/h2>\n<p><img decoding=\"async\" class=\"aligncenter wp-image-7283 size-full\" src=\"https:\/\/greenplantern.de\/wp-content\/uploads\/2024\/02\/Default_create_a_picture_of_a_historical_Egyptian_ceremony_wit_0.jpg\" alt=\"\" width=\"1792\" height=\"1008\"><\/p>\n<p>Die Geschichte des blauen Lotus reicht weit zur\u00fcck. Im alten \u00c4gypten verehrte man den Lotus als heilige Pflanze, die mit G\u00f6ttlichkeit und Erleuchtung in Verbindung stand. K\u00f6niginnen wie Kleopatra VII. sch\u00e4tzten die Lotusblume nicht nur wegen ihrer \u00e4sthetischen Sch\u00f6nheit, sondern auch wegen ihrer spirituellen Bedeutung.<\/p>\n<h2><strong>Essenz einer jahrtausendealten Tradition<\/strong><\/h2>\n<p><img loading=\"lazy\" decoding=\"async\" class=\"aligncenter wp-image-7295 size-full\" src=\"https:\/\/greenplantern.de\/wp-content\/uploads\/2024\/02\/Default_create_an_Egyptian_ceremony_with_the_blue_lotus_as_the_2-2.jpg\" alt=\"\" width=\"1792\" height=\"1008\"><\/p>\n<p>Unser Lotus ist die Essenz einer jahrtausendealten Tradition. Die Weitergabe von Wissen und Erfahrung von Generation zu Generation spiegelt sich in jeder Bl\u00fcte wider.<\/p>\n<p>Der Lotus tr\u00e4gt die Geschichte vergangener Zeiten und die Weisheit derjenigen, die die Geheimnisse des Lotus ehren.<\/p>\n<p>Lasse dich von seiner Sch\u00f6nheit, seiner spirituellen Tiefe und seiner historischen Bedeutung verzaubern.<\/p>\n<h2><strong>Spirituelle Entfaltung<\/strong><\/h2>\n<p><img loading=\"lazy\" decoding=\"async\" class=\"aligncenter wp-image-7285 size-full\" src=\"https:\/\/greenplantern.de\/wp-content\/uploads\/2024\/02\/Default_create_an_Egyptian_ceremony_with_the_blue_lotus_as_the_3-1.jpg\" alt=\"\" width=\"1792\" height=\"1008\"><\/p>\n<p>Der Lotus ist ein Schl\u00fcssel zur spirituellen Entfaltung. In den Lehren vergangener Zeiten wurde der Lotus mit spirituellem Erwachen, Reinheit und Erneuerung in Verbindung gebracht. Die Verwendung des Lotus in spirituellen Praktiken kann dir dabei helfen, innere Klarheit zu finden, das Bewusstsein zu erweitern und eine tiefere Verbindung zu deinem spirituellen Selbst herzustellen.<\/p>\n<h2>Die Schl\u00fcsselkomponenten des Blauen Lotus<\/h2>\n<p><img loading=\"lazy\" decoding=\"async\" class=\"aligncenter wp-image-7293 size-full\" src=\"https:\/\/greenplantern.de\/wp-content\/uploads\/2024\/02\/Default_create_an_Egyptian_ceremony_with_the_blue_lotus_as_the_3-2.jpg\" alt=\"\" width=\"1792\" height=\"1008\"><\/p>\n<h2>Eine Quelle der inneren Ruhe und spirituellen Erweiterung<\/h2>\n<p><img loading=\"lazy\" decoding=\"async\" class=\"aligncenter wp-image-7294 size-full\" src=\"https:\/\/greenplantern.de\/wp-content\/uploads\/2024\/02\/Default_create_an_Egyptian_ceremony_with_the_blue_lotus_as_the_2.jpg\" alt=\"\" width=\"1792\" height=\"1008\"><\/p>\n<h2><\/h2>\n<p><img loading=\"lazy\" decoding=\"async\" class=\"aligncenter wp-image-7296 size-full\" src=\"https:\/\/greenplantern.de\/wp-content\/uploads\/2024\/02\/Default_create_an_Egyptian_ceremony_with_the_blue_lotus_as_the_2-3.jpg\" alt=\"\" width=\"1792\" height=\"1008\"><\/p>\n<h2><\/h2>\n<p><strong><img loading=\"lazy\" decoding=\"async\" class=\"aligncenter wp-image-7291 size-full\" src=\"https:\/\/greenplantern.de\/wp-content\/uploads\/2024\/02\/Default_create_an_Egyptian_ceremony_with_the_blue_lotus_as_the_3-3.jpg\" alt=\"\" width=\"1792\" height=\"1008\"><\/strong><\/p>\n<p>[\/vc_column_text][\/vc_column][\/vc_row]<\/p>\n<p>R\u00e4uchererlebnis:<\/p>\n<p>Einzigartiges Aroma: Das R\u00e4ucherwerk verstr\u00f6mt ein charakteristisches, blumiges Aroma mit subtilen fruchtigen Nuancen, die an die mystische Atmosph\u00e4re des Waldes erinnern.<\/p>\n<p>Traditionelle Anwendung: Nutze die lange Geschichte des blauen Lotus in Zeremonien f\u00fcr eine tiefgehende spirituelle Erfahrung.<\/p>\n<p>Bitte verwende es mit Bedacht und achte darauf, es in einem gut bel\u00fcfteten Raum zu r\u00e4uchern.<\/p>\n<p>Hinweis: Dieses Produkt ist nicht f\u00fcr den menschlichen Verzehr bestimmt und sollte au\u00dferhalb der Reichweite von Kindern aufbewahrt werden.<\/p>\n","protected":false},"excerpt":{"rendered":"<p><strong>\ud83c\udf3f100% Organic\ud83c\udf3f<\/strong><\/p>\n<p>Unser Blauer Lotus wird unter strengen biologischen Standards angebaut und geerntet, um Ihnen ein reines und naturbelassenes Produkt zu bieten.<\/p>\n<p><strong>\u2600\ufe0fSchonend Getrocknet<\/strong>\u2600\ufe0f<\/p>\n<p>Durch eine schonende Trocknungsmethode erhalten wir die nat\u00fcrlichen Eigenschaften des Lotus, um Ihnen ein Produkt h\u00f6chster Qualit\u00e4t zu garantieren.<\/p>\n<p><strong>\ud83d\udc96Liebevoll Geerntet\ud83d\udc96<\/strong><\/p>\n<p>Unser Blauer Lotus wird mit h\u00f6chster Sorgfalt und Liebe geerntet.<\/p>\n","protected":false},"featured_media":137,"comment_status":"open","ping_status":"closed","template":"","meta":[],"product_cat":[38],"product_tag":[],"class_list":{"0":"post-97","1":"product","2":"type-product","3":"status-publish","4":"has-post-thumbnail","6":"product_cat-spirit","8":"first","9":"instock","10":"purchasable","11":"product-type-variable"},"_links":{"self":[{"href":"https:\/\/gp.creativewebmind.de\/index.php?rest_route=\/wp\/v2\/product\/97"}],"collection":[{"href":"https:\/\/gp.creativewebmind.de\/index.php?rest_route=\/wp\/v2\/product"}],"about":[{"href":"https:\/\/gp.creativewebmind.de\/index.php?rest_route=\/wp\/v2\/types\/product"}],"replies":[{"embeddable":true,"href":"https:\/\/gp.creativewebmind.de\/index.php?rest_route=%2Fwp%2Fv2%2Fcomments&post=97"}],"version-history":[{"count":0,"href":"https:\/\/gp.creativewebmind.de\/index.php?rest_route=\/wp\/v2\/product\/97\/revisions"}],"wp:featuredmedia":[{"embeddable":true,"href":"https:\/\/gp.creativewebmind.de\/index.php?rest_route=\/wp\/v2\/media\/137"}],"wp:attachment":[{"href":"https:\/\/gp.creativewebmind.de\/index.php?rest_route=%2Fwp%2Fv2%2Fmedia&parent=97"}],"wp:term":[{"taxonomy":"product_cat","embeddable":true,"href":"https:\/\/gp.creativewebmind.de\/index.php?rest_route=%2Fwp%2Fv2%2Fproduct_cat&post=97"},{"taxonomy":"product_tag","embeddable":true,"href":"https:\/\/gp.creativewebmind.de\/index.php?rest_route=%2Fwp%2Fv2%2Fproduct_tag&post=97"}],"curies":[{"name":"wp","href":"https:\/\/api.w.org\/{rel}","templated":true}]}}